{"id":107,"date":"2024-11-22T07:48:00","date_gmt":"2024-11-22T04:48:00","guid":{"rendered":"http:\/\/hkkozmetik.com.tr\/privacy-policy\/"},"modified":"2025-03-17T09:57:30","modified_gmt":"2025-03-17T06:57:30","slug":"mesafeli-satis-sozlesmesi","status":"publish","type":"page","link":"https:\/\/hkkozmetik.com.tr\/ar\/mesafeli-satis-sozlesmesi\/","title":{"rendered":"Mesafeli sat\u0131\u015f s\u00f6zle\u015fmesi"},"content":{"rendered":"<p>MADDE 1 \u2013 S\u00d6ZLE\u015eMEN\u0130N TARAFLARI<\/p>\n\n\n\n<p><br>SATICI:<\/p>\n\n\n\n<p>HK KOZMET\u0130K DI\u015e T\u0130CARET L\u0130M\u0130TED \u015e\u0130RKET\u0130<\/p>\n\n\n\n<p>Adres: Be\u015fk\u00f6pr\u00fc Mah. 116. Sk. No:2 Ortaca \/ Mu\u011fla<\/p>\n\n\n\n<p>Vergi Dairesi:&nbsp;Ortaca<\/p>\n\n\n\n<p>Vergi No:&nbsp;7010594367<\/p>\n\n\n\n<p>ALICI:&nbsp;M\u00fc\u015fteri<\/p>\n\n\n\n<p>MADDE 2 \u2013 S\u00d6ZLE\u015eMEN\u0130N KONUSU:<\/p>\n\n\n\n<p><br>\u0130\u015f bu s\u00f6zle\u015fmenin konusu, Al\u0131c\u0131n\u0131n Sat\u0131c\u0131ya ait hkkomzetik.com.tr web sitesinden elektronik ortamda sipari\u015f verdi\u011fi, s\u00f6zle\u015fmede bahsi ge\u00e7en nitelikleri haiz ve yine s\u00f6zle\u015fmede sat\u0131\u015f fiyat\u0131 belirtilen mal\/hizmetin sat\u0131\u015f\u0131 ve teslimi ile ilgili olarak 4077 say\u0131l\u0131 T\u00fcketicilerin Korunmas\u0131 Hakk\u0131ndaki Kanun ve Mesafeli S\u00f6zle\u015fmeler Uygulama Esas ve Usulleri Hakk\u0131nda Y\u00f6netmelik h\u00fck\u00fcmleri gere\u011fince taraflar\u0131n hak ve y\u00fck\u00fcml\u00fcl\u00fcklerinin saptanmas\u0131d\u0131r. Al\u0131c\u0131, sat\u0131\u015fa konu mal\/hizmetlerin temel nitelikleri, sat\u0131\u015f fiyat\u0131, \u00f6deme \u015fekli, teslimat ko\u015fullar\u0131 vs. sat\u0131\u015fa konu mal\/hizmet ile ilgili t\u00fcm \u00f6n bilgiler ve \u201ccayma\u201d hakk\u0131 konusunda bilgi sahibi oldu\u011funu, bu \u00f6n bilgileri elektronik ortamda teyit etti\u011fini ve sonras\u0131nda mal\/hizmeti sipari\u015f verdi\u011fini i\u015f bu s\u00f6zle\u015fme h\u00fck\u00fcmlerince kabul ve beyan eder. hkkomzetik.com.tr sitesinde \u00f6deme sayfas\u0131nda yer alan \u00f6n bilgilendirme ve fatura i\u015f bu s\u00f6zle\u015fmenin ayr\u0131lmaz par\u00e7alar\u0131d\u0131r.<\/p>\n\n\n\n<p>MADDE 3 \u2013 MAL\/H\u0130ZMET\u0130N TESL\u0130M\u0130, S\u00d6ZLE\u015eMEN\u0130N \u0130FA YER\u0130 VE TESL\u0130M \u015eEKL\u0130:<\/p>\n\n\n\n<p><br>Mal\/hizmet, SATICI\u2019n\u0131n bildirece\u011fi adreste M\u00dc\u015eTER\u0130\u2019ye teslim edilecektir.<\/p>\n\n\n\n<p>MADDE 4 \u2013 TESL\u0130MAT MASRAFLARI VE \u0130FASI:<\/p>\n\n\n\n<p><br>Teslimat masraflar\u0131 al\u0131c\u0131ya aittir. Sat\u0131c\u0131, web sitesinde, ilan etti\u011fi rakam\u0131n \u00fczerinde al\u0131\u015fveri\u015f yapanlar\u0131n teslimat \u00fccretinin kendisince kar\u015f\u0131lanaca\u011f\u0131n\u0131 yada kampanya dahilinde \u00fccretsiz teslimat yapaca\u011f\u0131n\u0131 beyan etmi\u015fse, teslimat masraf\u0131 sat\u0131c\u0131ya aittir. Teslimat; sto\u011fun m\u00fcsait olmas\u0131 ve mal bedelinin sat\u0131c\u0131n\u0131n hesab\u0131na ge\u00e7mesinden sonra en k\u0131sa s\u00fcrede yap\u0131l\u0131r. Sat\u0131c\u0131, mal\/hizmetin sipari\u015finden itibaren 30 (Otuz) g\u00fcn i\u00e7inde teslim eder ve bu s\u00fcre i\u00e7inde yaz\u0131l\u0131 bildirimle ek 10 (on) g\u00fcnl\u00fck s\u00fcre uzat\u0131m hakk\u0131n\u0131 sakl\u0131 tutar. Herhangi bir nedenle mal\/hizmet bedeli \u00f6denmez veya banka kay\u0131tlar\u0131nda iptal edilir ise, sat\u0131c\u0131 mal\/hizmetin teslimi y\u00fck\u00fcml\u00fcl\u00fc\u011f\u00fcnden kurtulmu\u015f kabul edilir.<\/p>\n\n\n\n<p>MADDE 5 \u2013 ALICININ BEYAN VE TAAHH\u00dcTLER\u0130:<\/p>\n\n\n\n<p><br>Al\u0131c\u0131, s\u00f6zle\u015fme konusu mal\/hizmeti teslim almadan \u00f6nce muayene edecek; \u00fcr\u00fcn\u00fcn kendi ambalaj\u0131nda ezilme, delinme veya b\u00fct\u00fcnl\u00fc\u011f\u00fc bozulmu\u015f vb. hasarl\u0131 ve ay\u0131pl\u0131 mal\/hizmeti teslim almayabilir. Teslim al\u0131nan mal\/hizmetin hasars\u0131z ve sa\u011flam oldu\u011fu kabul edilecektir. Teslimden sonra mal\/hizmetin \u00f6zenle korunmas\u0131 al\u0131c\u0131ya aittir. Cayma hakk\u0131 kullan\u0131lacaksa mal\/hizmet kullan\u0131lmamal\u0131d\u0131r. Fatura iade edilmelidir. Mal\/hizmetin tesliminden sonra al\u0131c\u0131ya ait kredi kart\u0131n\u0131n al\u0131c\u0131n\u0131n kusurundan kaynaklanmayan bir \u015fekilde yetkisiz ki\u015filerce haks\u0131z veya hukuka ayk\u0131r\u0131 olarak kullan\u0131lmas\u0131 nedeni ile ilgili banka veya finans kurulu\u015funun mal\/hizmet bedelini sat\u0131c\u0131ya \u00f6dememesi halinde, Al\u0131c\u0131 kendisine teslim edilmi\u015f olmas\u0131 kayd\u0131yla mal\/hizmeti 3 (\u00fc\u00e7) g\u00fcn i\u00e7inde sat\u0131c\u0131ya g\u00f6ndermekle y\u00fck\u00fcml\u00fcd\u00fcr. Bu takdirde teslimat giderleri al\u0131c\u0131ya aittir.<\/p>\n\n\n\n<p>MADDE 6 \u2013 SATICININ BEYAN VE TAAHH\u00dcTLERI:<\/p>\n\n\n\n<p><br>Sat\u0131c\u0131, s\u00f6zle\u015fme konusu mal\/hizmetin sa\u011flam, eksiksiz, sipari\u015fte belirtilen niteliklere uygun ve varsa garanti belgeleri ve kullan\u0131m k\u0131lavuzlar\u0131 ile teslim edilmesinden sorumludur. S\u00f6zle\u015fme konusu mal\/hizmet, al\u0131c\u0131dan ba\u015fka bir ki\u015fi\/kurulu\u015fa teslim edilecek ise, teslim edilecek ki\u015fi\/kurulu\u015fun teslimat\u0131 kabul etmemesinden sat\u0131c\u0131 sorumlu tutulamaz. Sat\u0131c\u0131, cayma beyan\u0131n\u0131n kendisine ula\u015fmas\u0131ndan sonra 20 (yirmi) g\u00fcn i\u00e7inde mal\/hizmet bedelini, varsa k\u0131ymetli evrak\u0131 iade eder. Mal\/hizmeti 10 (on) g\u00fcn i\u00e7inde iade al\u0131r. Hakl\u0131 gerek\u00e7elerle sat\u0131c\u0131, s\u00f6zle\u015fmedeki ifa s\u00fcresi dolmadan al\u0131c\u0131ya e\u015fit kalite ve fiyatta mal\/hizmet tedarik edebilir. Sat\u0131c\u0131 mal\/hizmetin ifas\u0131n\u0131n imk\u00e2ns\u0131zla\u015ft\u0131\u011f\u0131n\u0131 d\u00fc\u015f\u00fcn\u00fcyorsa, s\u00f6zle\u015fmenin ifa s\u00fcresi dolmadan al\u0131c\u0131ya bildirir. \u00d6denen bedel ve varsa belgeler 20 (yirmi) g\u00fcn i\u00e7inde iade edilir. Garanti belgesi ile sat\u0131lan mal\/hizmetlerden olan veya olmayan mal\/hizmetlerden ar\u0131zal\u0131 veya bozuk olan mal\/hizmetler, garanti \u015fartlar\u0131 i\u00e7inde gerekli onar\u0131m\u0131n yap\u0131lmas\u0131 i\u00e7in sat\u0131c\u0131ya g\u00f6nderilebilir, bu takdirde teslimat giderleri sat\u0131c\u0131 taraf\u0131ndan kar\u015f\u0131lanacakt\u0131r.<\/p>\n\n\n\n<p>MADDE 7 \u2013 S\u00d6ZLE\u015eMEYE KONU MAL\/H\u0130ZMET\u0130N \u00d6ZELL\u0130KLER\u0130:<\/p>\n\n\n\n<p><br>Mal\/hizmetin cinsi ve t\u00fcr\u00fc, miktar\u0131, marka\/modeli, rengi ve t\u00fcm vergiler d\u00e2hil sat\u0131\u015f bedeli hkkomzetik.com.tr adl\u0131 web sitesindeki mal\/hizmet tan\u0131t\u0131m sayfas\u0131nda yer alan bilgilerde ve i\u015f bu s\u00f6zle\u015fmenin ayr\u0131lmaz par\u00e7as\u0131 say\u0131lan faturada belirtildi\u011fi gibidir.<\/p>\n\n\n\n<p>MADDE 8 \u2013 MAL\/H\u0130ZMET\u0130N PE\u015e\u0130N F\u0130YATI:<\/p>\n\n\n\n<p><br>Mal\/hizmetin pe\u015fin fiyat\u0131, sipari\u015f sonu mail at\u0131lan \u00f6rnek fatura ve \u00fcr\u00fcn ile birlikte m\u00fc\u015fteriye g\u00f6nderilen fatura i\u00e7eri\u011finde mevcuttur.<\/p>\n\n\n\n<p>MADDE 9 \u2013 VADEL\u0130 F\u0130YAT:<\/p>\n\n\n\n<p><br>Mal\/hizmetin sat\u0131\u015f fiyat\u0131na yap\u0131lan vadeye g\u00f6re fiyat\u0131 sipari\u015f sonu mail at\u0131lan \u00f6rnek fatura ve \u00fcr\u00fcn ile birlikte m\u00fc\u015fteriye g\u00f6nderilen fatura i\u00e7eri\u011finde mevcuttur.<\/p>\n\n\n\n<p>MADDE 10 \u2013 PE\u015e\u0130NAT TUTARI:<\/p>\n\n\n\n<p><br>Mal\/hizmetin pe\u015finat tutar\u0131 sipari\u015f sonu mail at\u0131lan \u00f6rnek fatura ve \u00fcr\u00fcn ile birlikte m\u00fc\u015fteriye g\u00f6nderilen fatura i\u00e7eri\u011finde mevcuttur.<\/p>\n\n\n\n<p>MADDE 11 \u2013 \u00d6DEME PLANI:<\/p>\n\n\n\n<p><br>Al\u0131c\u0131n\u0131n, kredi kart\u0131 ile ve taksitle al\u0131\u015fveri\u015f yapmas\u0131 durumunda siteden se\u00e7mi\u015f oldu\u011fu taksit bi\u00e7imi ge\u00e7erlidir. Taksitlendirme i\u015flemlerinde, al\u0131c\u0131 ile kart sahibi banka aras\u0131nda imzalam\u0131\u015f bulunan s\u00f6zle\u015fmenin ilgili h\u00fck\u00fcmleri ge\u00e7erlidir. Kredi kart\u0131 \u00f6deme tarihi banka ile al\u0131c\u0131 aras\u0131ndaki s\u00f6zle\u015fme h\u00fck\u00fcmlerince belirlenir. Al\u0131c\u0131, ayr\u0131ca bankan\u0131n g\u00f6nderdi\u011fi hesap \u00f6zetinden taksit say\u0131s\u0131n\u0131 ve \u00f6demelerini takip edebilir.<\/p>\n\n\n\n<p>MADDE 12 \u2013 CAYMA HAKKI:<\/p>\n\n\n\n<p><br>Sat\u0131c\u0131, Al\u0131c\u0131n\u0131n hi\u00e7bir hukuki ve cezai sorumluluk \u00fcstlenmeksizin ve hi\u00e7bir gerek\u00e7e g\u00f6stermeksizin teslim ald\u0131\u011f\u0131 veya s\u00f6zle\u015fmenin imzaland\u0131\u011f\u0131 tarihten itibaren yedi g\u00fcn i\u00e7erisinde mal\u0131 veya hizmeti reddederek s\u00f6zle\u015fmeden cayma hakk\u0131n\u0131n var oldu\u011funu ve cayma bildiriminin sat\u0131c\u0131\/sa\u011flay\u0131c\u0131ya ula\u015fmas\u0131 tarihinden itibaren mal\u0131 geri almay\u0131 taahh\u00fct eder.<\/p>\n\n\n\n<p>Cayma hakk\u0131n\u0131n kullan\u0131lmas\u0131 i\u00e7in ayn\u0131 s\u00fcre i\u00e7inde sat\u0131c\u0131n\u0131n m\u00fc\u015fteri hizmetlerine e-posta veya telefon ile bildirimde bulunulmas\u0131 ve mal\/hizmetin s\u00f6zle\u015fme h\u00fck\u00fcmleri \u00e7er\u00e7evesinde ve i\u015fbu s\u00f6zle\u015fmenin ayr\u0131lmaz par\u00e7as\u0131 olan ve hkkomzetik.com.tr web sitesinde yay\u0131nlanm\u0131\u015f olan \u00f6nbilgiler gere\u011fince, kullan\u0131lmam\u0131\u015f olmas\u0131 \u015fartt\u0131r. Bu hakk\u0131n kullan\u0131lmas\u0131 halinde, 3. ki\u015fiye veya al\u0131c\u0131ya teslim edilen mal\/hizmete ili\u015fkin fatura asl\u0131n\u0131n iadesi zorunludur. Cayma hakk\u0131na ili\u015fkin ihbar\u0131n ula\u015fmas\u0131n\u0131 takip eden 7 g\u00fcn i\u00e7inde mal\/hizmet bedeli al\u0131c\u0131ya iade edilir ve 20 (yirmi) g\u00fcnl\u00fck s\u00fcre i\u00e7inde mal\/hizmet iade al\u0131n\u0131r. Fatura asl\u0131 g\u00f6nderilmezse al\u0131c\u0131ya KDV ve varsa di\u011fer yasal y\u00fck\u00fcml\u00fcl\u00fckler iade edilemez. Cayma hakk\u0131 nedeni ile iade edilen mal\/hizmetin teslimat bedeli sat\u0131c\u0131 taraf\u0131ndan kar\u015f\u0131lan\u0131r.<\/p>\n\n\n\n<p>MADDE 13 \u2013 CAYMA HAKKI KULLANILAMAYACAK MAL\/H\u0130ZMETLER:<\/p>\n\n\n\n<p><br>Cayma hakk\u0131n\u0131n kullan\u0131labilmesi i\u00e7in mal\/hizmetin ambalaj\u0131n\u0131n a\u00e7\u0131lmam\u0131\u015f, bozulmam\u0131\u015f ve kullan\u0131lmam\u0131\u015f olmalar\u0131 \u015fart\u0131 bulunmaktad\u0131r. Sipari\u015f edilen \u00fcr\u00fcnle birlikte g\u00f6nderilen numune test \u00fcr\u00fcn\u00fc var ise sipari\u015f edilen \u00fcr\u00fcnle ayn\u0131 oldu\u011funu sat\u0131c\u0131 garanti eder ve al\u0131c\u0131 kabul eder. A\u00e7\u0131lm\u0131\u015f sipari\u015f \u00fcr\u00fcn\u00fc \u00fczerinde cayma hakk\u0131n\u0131 kullan\u0131lamaz.<\/p>\n\n\n\n<p>MADDE 14 \u2013 TEMERR\u00dcD HAL\u0130 VE HUKUK\u0130 SONU\u00c7LARI:<\/p>\n\n\n\n<p><br>Al\u0131c\u0131, kredi kart\u0131 ile yapm\u0131\u015f oldu\u011fu i\u015flemlerinde temerr\u00fcde d\u00fc\u015fmesi halinde kart sahibi bankan\u0131n kendisi ile yapm\u0131\u015f oldu\u011fu kredi kart\u0131 s\u00f6zle\u015fmesi \u00e7er\u00e7evesinde faiz \u00f6deyecek ve bankaya kar\u015f\u0131 sorumlu olacakt\u0131r. Bu durumda ilgili banka hukuki yollara ba\u015fvurabilir; do\u011facak masraflar\u0131 ve vekalet \u00fccretini al\u0131c\u0131dan talep edebilir ve her ko\u015fulda al\u0131c\u0131n\u0131n borcundan dolay\u0131 temerr\u00fcde d\u00fc\u015fmesi halinde, al\u0131c\u0131, borcun gecikmeli ifas\u0131ndan dolay\u0131 sat\u0131c\u0131n\u0131n olu\u015fan zarar ve ziyan\u0131n\u0131 \u00f6demeyi kabul eder.<\/p>\n\n\n\n<p>MADDE 15 \u2013 YETK\u0130L\u0130 MAHKEME:<\/p>\n\n\n\n<p><br>\u0130\u015f bu s\u00f6zle\u015fmeden kaynaklanabilecek ihtilaflarda, Sanayi ve Ticaret Bakanl\u0131\u011f\u0131nca ilan edilen de\u011fere kadar T\u00fcketici Hakem Heyetleri, belirtilen de\u011fer \u00fcst\u00fcne T\u00fcketici Mahkemeleri; bulunamayan yerlerde Anadolu Mahkemeleri ve \u0130cra Daireleri yetkilidir.<\/p>","protected":false},"excerpt":{"rendered":"<p>MADDE 1 \u2013 S\u00d6ZLE\u015eMEN\u0130N TARAFLARI SATICI: HK KOZMET\u0130K DI\u015e T\u0130CARET L\u0130M\u0130TED \u015e\u0130RKET\u0130 Adres: Be\u015fk\u00f6pr\u00fc Mah. 116. Sk. No:2 Ortaca \/ [&hellip;]<\/p>","protected":false},"author":1,"featured_media":0,"parent":0,"menu_order":0,"comment_status":"closed","ping_status":"closed","template":"template-compact.php","meta":{"_acf_changed":false,"footnotes":""},"class_list":["post-107","page","type-page","status-publish","hentry"],"acf":[],"rankMath":{"parentDomain":"hkkozmetik.com.tr","noFollowDomains":[],"noFollowExcludeDomains":[],"noFollowExternalLinks":false,"featuredImageNotice":"\u064a\u062c\u0628 \u0623\u0646 \u064a\u0643\u0648\u0646 \u062d\u062c\u0645 \u0627\u0644\u0635\u0648\u0631\u0629 \u0627\u0644\u0645\u0645\u064a\u0632\u0629 200 \u00d7 200 \u0628\u0643\u0633\u0644 \u0639\u0644\u0649 \u0627\u0644\u0623\u0642\u0644 \u0644\u064a\u062a\u0645 \u0627\u0644\u062a\u0642\u0627\u0637\u0647\u0627 \u0628\u0648\u0627\u0633\u0637\u0629 Facebook \u0648\u0645\u0648\u0627\u0642\u0639 \u0627\u0644\u062a\u0648\u0627\u0635\u0644 \u0627\u0644\u0627\u062c\u062a\u0645\u0627\u0639\u064a \u0627\u0644\u0623\u062e\u0631\u0649.","pluginReviewed":false,"postSettings":{"linkSuggestions":true,"useFocusKeyword":false},"frontEndScore":false,"postName":"mesafeli-satis-sozlesmesi","permalinkFormat":"https:\/\/hkkozmetik.com.tr\/ar\/%pagename%\/","showLockModifiedDate":true,"assessor":{"focusKeywordLink":"https:\/\/hkkozmetik.com.tr\/wp-admin\/edit.php?focus_keyword=%focus_keyword%&post_type=%post_type%","hasTOCPlugin":false,"primaryTaxonomy":false,"serpData":{"title":"","description":"","focusKeywords":"","pillarContent":false,"canonicalUrl":"","breadcrumbTitle":"","advancedRobots":[],"facebookTitle":"","facebookDescription":"","facebookImage":"","facebookImageID":"","facebookHasOverlay":false,"facebookImageOverlay":"","facebookAuthor":"","twitterCardType":"","twitterUseFacebook":true,"twitterTitle":"","twitterDescription":"","twitterImage":"","twitterImageID":"","twitterHasOverlay":false,"twitterImageOverlay":"","twitterPlayerUrl":"","twitterPlayerSize":"","twitterPlayerStream":"","twitterPlayerStreamCtype":"","twitterAppDescription":"","twitterAppIphoneName":"","twitterAppIphoneID":"","twitterAppIphoneUrl":"","twitterAppIpadName":"","twitterAppIpadID":"","twitterAppIpadUrl":"","twitterAppGoogleplayName":"","twitterAppGoogleplayID":"","twitterAppGoogleplayUrl":"","twitterAppCountry":"","robots":{"index":true},"twitterAuthor":"\u0627\u0633\u0645 \u0627\u0644\u0645\u0633\u062a\u062e\u062f\u0645","primaryTerm":0,"authorName":"adminfibrika","titleTemplate":"%title% %page% %sep% %sitename%","descriptionTemplate":"","showScoreFrontend":true,"lockModifiedDate":false},"powerWords":[],"diacritics":{"A":"[\\u0041\\u24B6\\uFF21\\u00C0\\u00C1\\u00C2\\u1EA6\\u1EA4\\u1EAA\\u1EA8\\u00C3\\u0100\\u0102\\u1EB0\\u1EAE\\u1EB4\\u1EB2\\u0226\\u01E0\\u00C4\\u01DE\\u1EA2\\u00C5\\u01FA\\u01CD\\u0200\\u0202\\u1EA0\\u1EAC\\u1EB6\\u1E00\\u0104\\u023A\\u2C6F]","AA":"[\\uA732]","AE":"[\\u00C6\\u01FC\\u01E2]","AO":"[\\uA734]","AU":"[\\uA736]","AV":"[\\uA738\\uA73A]","AY":"[\\uA73C]","B":"[\\u0042\\u24B7\\uFF22\\u1E02\\u1E04\\u1E06\\u0243\\u0182\\u0181]","C":"[\\u0043\\u24B8\\uFF23\\u0106\\u0108\\u010A\\u010C\\u00C7\\u1E08\\u0187\\u023B\\uA73E]","D":"[\\u0044\\u24B9\\uFF24\\u1E0A\\u010E\\u1E0C\\u1E10\\u1E12\\u1E0E\\u0110\\u018B\\u018A\\u0189\\uA779]","DZ":"[\\u01F1\\u01C4]","Dz":"[\\u01F2\\u01C5]","E":"[\\u0045\\u24BA\\uFF25\\u00C8\\u00C9\\u00CA\\u1EC0\\u1EBE\\u1EC4\\u1EC2\\u1EBC\\u0112\\u1E14\\u1E16\\u0114\\u0116\\u00CB\\u1EBA\\u011A\\u0204\\u0206\\u1EB8\\u1EC6\\u0228\\u1E1C\\u0118\\u1E18\\u1E1A\\u0190\\u018E]","F":"[\\u0046\\u24BB\\uFF26\\u1E1E\\u0191\\uA77B]","G":"[\\u0047\\u24BC\\uFF27\\u01F4\\u011C\\u1E20\\u011E\\u0120\\u01E6\\u0122\\u01E4\\u0193\\uA7A0\\uA77D\\uA77E]","H":"[\\u0048\\u24BD\\uFF28\\u0124\\u1E22\\u1E26\\u021E\\u1E24\\u1E28\\u1E2A\\u0126\\u2C67\\u2C75\\uA78D]","I":"[\\u0049\\u24BE\\uFF29\\u00CC\\u00CD\\u00CE\\u0128\\u012A\\u012C\\u0130\\u00CF\\u1E2E\\u1EC8\\u01CF\\u0208\\u020A\\u1ECA\\u012E\\u1E2C\\u0197]","J":"[\\u004A\\u24BF\\uFF2A\\u0134\\u0248]","K":"[\\u004B\\u24C0\\uFF2B\\u1E30\\u01E8\\u1E32\\u0136\\u1E34\\u0198\\u2C69\\uA740\\uA742\\uA744\\uA7A2]","L":"[\\u004C\\u24C1\\uFF2C\\u013F\\u0139\\u013D\\u1E36\\u1E38\\u013B\\u1E3C\\u1E3A\\u0141\\u023D\\u2C62\\u2C60\\uA748\\uA746\\uA780]","LJ":"[\\u01C7]","Lj":"[\\u01C8]","M":"[\\u004D\\u24C2\\uFF2D\\u1E3E\\u1E40\\u1E42\\u2C6E\\u019C]","N":"[\\u004E\\u24C3\\uFF2E\\u01F8\\u0143\\u00D1\\u1E44\\u0147\\u1E46\\u0145\\u1E4A\\u1E48\\u0220\\u019D\\uA790\\uA7A4]","NJ":"[\\u01CA]","Nj":"[\\u01CB]","O":"[\\u004F\\u24C4\\uFF2F\\u00D2\\u00D3\\u00D4\\u1ED2\\u1ED0\\u1ED6\\u1ED4\\u00D5\\u1E4C\\u022C\\u1E4E\\u014C\\u1E50\\u1E52\\u014E\\u022E\\u0230\\u00D6\\u022A\\u1ECE\\u0150\\u01D1\\u020C\\u020E\\u01A0\\u1EDC\\u1EDA\\u1EE0\\u1EDE\\u1EE2\\u1ECC\\u1ED8\\u01EA\\u01EC\\u00D8\\u01FE\\u0186\\u019F\\uA74A\\uA74C]","OI":"[\\u01A2]","OO":"[\\uA74E]","OU":"[\\u0222]","P":"[\\u0050\\u24C5\\uFF30\\u1E54\\u1E56\\u01A4\\u2C63\\uA750\\uA752\\uA754]","Q":"[\\u0051\\u24C6\\uFF31\\uA756\\uA758\\u024A]","R":"[\\u0052\\u24C7\\uFF32\\u0154\\u1E58\\u0158\\u0210\\u0212\\u1E5A\\u1E5C\\u0156\\u1E5E\\u024C\\u2C64\\uA75A\\uA7A6\\uA782]","S":"[\\u0053\\u24C8\\uFF33\\u1E9E\\u015A\\u1E64\\u015C\\u1E60\\u0160\\u1E66\\u1E62\\u1E68\\u0218\\u015E\\u2C7E\\uA7A8\\uA784]","T":"[\\u0054\\u24C9\\uFF34\\u1E6A\\u0164\\u1E6C\\u021A\\u0162\\u1E70\\u1E6E\\u0166\\u01AC\\u01AE\\u023E\\uA786]","TZ":"[\\uA728]","U":"[\\u0055\\u24CA\\uFF35\\u00D9\\u00DA\\u00DB\\u0168\\u1E78\\u016A\\u1E7A\\u016C\\u00DC\\u01DB\\u01D7\\u01D5\\u01D9\\u1EE6\\u016E\\u0170\\u01D3\\u0214\\u0216\\u01AF\\u1EEA\\u1EE8\\u1EEE\\u1EEC\\u1EF0\\u1EE4\\u1E72\\u0172\\u1E76\\u1E74\\u0244]","V":"[\\u0056\\u24CB\\uFF36\\u1E7C\\u1E7E\\u01B2\\uA75E\\u0245]","VY":"[\\uA760]","W":"[\\u0057\\u24CC\\uFF37\\u1E80\\u1E82\\u0174\\u1E86\\u1E84\\u1E88\\u2C72]","X":"[\\u0058\\u24CD\\uFF38\\u1E8A\\u1E8C]","Y":"[\\u0059\\u24CE\\uFF39\\u1EF2\\u00DD\\u0176\\u1EF8\\u0232\\u1E8E\\u0178\\u1EF6\\u1EF4\\u01B3\\u024E\\u1EFE]","Z":"[\\u005A\\u24CF\\uFF3A\\u0179\\u1E90\\u017B\\u017D\\u1E92\\u1E94\\u01B5\\u0224\\u2C7F\\u2C6B\\uA762]","a":"[\\u0061\\u24D0\\uFF41\\u1E9A\\u00E0\\u00E1\\u00E2\\u1EA7\\u1EA5\\u1EAB\\u1EA9\\u00E3\\u0101\\u0103\\u1EB1\\u1EAF\\u1EB5\\u1EB3\\u0227\\u01E1\\u00E4\\u01DF\\u1EA3\\u00E5\\u01FB\\u01CE\\u0201\\u0203\\u1EA1\\u1EAD\\u1EB7\\u1E01\\u0105\\u2C65\\u0250]","aa":"[\\uA733]","ae":"[\\u00E6\\u01FD\\u01E3]","ao":"[\\uA735]","au":"[\\uA737]","av":"[\\uA739\\uA73B]","ay":"[\\uA73D]","b":"[\\u0062\\u24D1\\uFF42\\u1E03\\u1E05\\u1E07\\u0180\\u0183\\u0253]","c":"[\\u0063\\u24D2\\uFF43\\u0107\\u0109\\u010B\\u010D\\u00E7\\u1E09\\u0188\\u023C\\uA73F\\u2184]","d":"[\\u0064\\u24D3\\uFF44\\u1E0B\\u010F\\u1E0D\\u1E11\\u1E13\\u1E0F\\u0111\\u018C\\u0256\\u0257\\uA77A]","dz":"[\\u01F3\\u01C6]","e":"[\\u0065\\u24D4\\uFF45\\u00E8\\u00E9\\u00EA\\u1EC1\\u1EBF\\u1EC5\\u1EC3\\u1EBD\\u0113\\u1E15\\u1E17\\u0115\\u0117\\u00EB\\u1EBB\\u011B\\u0205\\u0207\\u1EB9\\u1EC7\\u0229\\u1E1D\\u0119\\u1E19\\u1E1B\\u0247\\u025B\\u01DD]","f":"[\\u0066\\u24D5\\uFF46\\u1E1F\\u0192\\uA77C]","g":"[\\u0067\\u24D6\\uFF47\\u01F5\\u011D\\u1E21\\u011F\\u0121\\u01E7\\u0123\\u01E5\\u0260\\uA7A1\\u1D79\\uA77F]","h":"[\\u0068\\u24D7\\uFF48\\u0125\\u1E23\\u1E27\\u021F\\u1E25\\u1E29\\u1E2B\\u1E96\\u0127\\u2C68\\u2C76\\u0265]","hv":"[\\u0195]","i":"[\\u0069\\u24D8\\uFF49\\u00EC\\u00ED\\u00EE\\u0129\\u012B\\u012D\\u00EF\\u1E2F\\u1EC9\\u01D0\\u0209\\u020B\\u1ECB\\u012F\\u1E2D\\u0268\\u0131]","j":"[\\u006A\\u24D9\\uFF4A\\u0135\\u01F0\\u0249]","k":"[\\u006B\\u24DA\\uFF4B\\u1E31\\u01E9\\u1E33\\u0137\\u1E35\\u0199\\u2C6A\\uA741\\uA743\\uA745\\uA7A3]","l":"[\\u006C\\u24DB\\uFF4C\\u0140\\u013A\\u013E\\u1E37\\u1E39\\u013C\\u1E3D\\u1E3B\\u017F\\u0142\\u019A\\u026B\\u2C61\\uA749\\uA781\\uA747]","lj":"[\\u01C9]","m":"[\\u006D\\u24DC\\uFF4D\\u1E3F\\u1E41\\u1E43\\u0271\\u026F]","n":"[\\u006E\\u24DD\\uFF4E\\u01F9\\u0144\\u00F1\\u1E45\\u0148\\u1E47\\u0146\\u1E4B\\u1E49\\u019E\\u0272\\u0149\\uA791\\uA7A5]","nj":"[\\u01CC]","o":"[\\u006F\\u24DE\\uFF4F\\u00F2\\u00F3\\u00F4\\u1ED3\\u1ED1\\u1ED7\\u1ED5\\u00F5\\u1E4D\\u022D\\u1E4F\\u014D\\u1E51\\u1E53\\u014F\\u022F\\u0231\\u00F6\\u022B\\u1ECF\\u0151\\u01D2\\u020D\\u020F\\u01A1\\u1EDD\\u1EDB\\u1EE1\\u1EDF\\u1EE3\\u1ECD\\u1ED9\\u01EB\\u01ED\\u00F8\\u01FF\\u0254\\uA74B\\uA74D\\u0275]","oi":"[\\u01A3]","ou":"[\\u0223]","oo":"[\\uA74F]","p":"[\\u0070\\u24DF\\uFF50\\u1E55\\u1E57\\u01A5\\u1D7D\\uA751\\uA753\\uA755]","q":"[\\u0071\\u24E0\\uFF51\\u024B\\uA757\\uA759]","r":"[\\u0072\\u24E1\\uFF52\\u0155\\u1E59\\u0159\\u0211\\u0213\\u1E5B\\u1E5D\\u0157\\u1E5F\\u024D\\u027D\\uA75B\\uA7A7\\uA783]","s":"[\\u0073\\u24E2\\uFF53\\u015B\\u1E65\\u015D\\u1E61\\u0161\\u1E67\\u1E63\\u1E69\\u0219\\u015F\\u023F\\uA7A9\\uA785\\u1E9B]","ss":"[\\u00DF]","t":"[\\u0074\\u24E3\\uFF54\\u1E6B\\u1E97\\u0165\\u1E6D\\u021B\\u0163\\u1E71\\u1E6F\\u0167\\u01AD\\u0288\\u2C66\\uA787]","tz":"[\\uA729]","u":"[\\u0075\\u24E4\\uFF55\\u00F9\\u00FA\\u00FB\\u0169\\u1E79\\u016B\\u1E7B\\u016D\\u00FC\\u01DC\\u01D8\\u01D6\\u01DA\\u1EE7\\u016F\\u0171\\u01D4\\u0215\\u0217\\u01B0\\u1EEB\\u1EE9\\u1EEF\\u1EED\\u1EF1\\u1EE5\\u1E73\\u0173\\u1E77\\u1E75\\u0289]","v":"[\\u0076\\u24E5\\uFF56\\u1E7D\\u1E7F\\u028B\\uA75F\\u028C]","vy":"[\\uA761]","w":"[\\u0077\\u24E6\\uFF57\\u1E81\\u1E83\\u0175\\u1E87\\u1E85\\u1E98\\u1E89\\u2C73]","x":"[\\u0078\\u24E7\\uFF58\\u1E8B\\u1E8D]","y":"[\\u0079\\u24E8\\uFF59\\u1EF3\\u00FD\\u0177\\u1EF9\\u0233\\u1E8F\\u00FF\\u1EF7\\u1E99\\u1EF5\\u01B4\\u024F\\u1EFF]","z":"[\\u007A\\u24E9\\uFF5A\\u017A\\u1E91\\u017C\\u017E\\u1E93\\u1E95\\u01B6\\u0225\\u0240\\u2C6C\\uA763]"},"researchesTests":["contentHasTOC","contentHasShortParagraphs","contentHasAssets","keywordInTitle","keywordInMetaDescription","keywordInPermalink","keywordIn10Percent","keywordInContent","keywordInSubheadings","keywordInImageAlt","keywordDensity","keywordNotUsed","lengthContent","lengthPermalink","linksHasInternal","linksHasExternals","linksNotAllExternals","titleStartWithKeyword","titleSentiment","titleHasPowerWords","titleHasNumber","hasContentAI"],"hasRedirection":false,"hasBreadcrumb":true},"homeUrl":"https:\/\/hkkozmetik.com.tr\/ar","objectID":107,"objectType":"post","locale":"ar","localeFull":"ar","overlayImages":{"play":{"name":"\u0623\u064a\u0642\u0648\u0646\u0629 \u0627\u0644\u062a\u0634\u063a\u064a\u0644","url":"https:\/\/hkkozmetik.com.tr\/wp-content\/plugins\/seo-by-rank-math\/assets\/admin\/img\/icon-play.png","path":"\/home\/hkkozmetikcom\/public_html\/wp-content\/plugins\/seo-by-rank-math\/assets\/admin\/img\/icon-play.png","position":"middle_center"},"gif":{"name":"\u0623\u064a\u0642\u0648\u0646\u0629 GIF","url":"https:\/\/hkkozmetik.com.tr\/wp-content\/plugins\/seo-by-rank-math\/assets\/admin\/img\/icon-gif.png","path":"\/home\/hkkozmetikcom\/public_html\/wp-content\/plugins\/seo-by-rank-math\/assets\/admin\/img\/icon-gif.png","position":"middle_center"}},"defautOgImage":"https:\/\/hkkozmetik.com.tr\/wp-content\/plugins\/seo-by-rank-math\/assets\/admin\/img\/social-placeholder.jpg","customPermalinks":true,"isUserRegistered":false,"autoSuggestKeywords":false,"connectSiteUrl":"https:\/\/rankmath.com\/auth?site=https%3A%2F%2Fhkkozmetik.com.tr%2Far&r=https%3A%2F%2Fhkkozmetik.com.tr%2Far%2Fwp-json%2Fwp%2Fv2%2Fpages%2F107%3Fnonce%3Dddeac3c427","maxTags":5,"trendsIcon":"<svg viewBox=\"0 0 610 610\"><path d=\"M18.85,446,174.32,290.48l58.08,58.08L76.93,504a14.54,14.54,0,0,1-20.55,0L18.83,466.48a14.54,14.54,0,0,1,0-20.55Z\" style=\"fill:#4285f4\"\/><path d=\"M242.65,242.66,377.59,377.6l-47.75,47.75a14.54,14.54,0,0,1-20.55,0L174.37,290.43l47.75-47.75A14.52,14.52,0,0,1,242.65,242.66Z\" style=\"fill:#ea4335\"\/><polygon points=\"319.53 319.53 479.26 159.8 537.34 217.88 377.61 377.62 319.53 319.53\" style=\"fill:#fabb05\"\/><path d=\"M594.26,262.73V118.61h0a16.94,16.94,0,0,0-16.94-16.94H433.2a16.94,16.94,0,0,0-12,28.92L565.34,274.71h0a16.94,16.94,0,0,0,28.92-12Z\" style=\"fill:#34a853\"\/><rect width=\"610\" height=\"610\" style=\"fill:none\"\/><\/svg>","showScore":true,"siteFavIcon":"https:\/\/hkkozmetik.com.tr\/wp-content\/uploads\/2024\/11\/hk-logo-12.svg","canUser":{"general":false,"advanced":false,"snippet":false,"social":false,"analysis":false,"analytics":false,"content_ai":false},"showKeywordIntent":true,"isPro":false,"is_front_page":false,"trendsUpgradeLink":"https:\/\/rankmath.com\/pricing\/?utm_source=Plugin&utm_medium=CE%20General%20Tab%20Trends&utm_campaign=WP","trendsUpgradeLabel":"\u062a\u0631\u0642\u064a\u0629","trendsPreviewImage":"https:\/\/hkkozmetik.com.tr\/wp-content\/plugins\/seo-by-rank-math\/assets\/admin\/img\/trends-preview.jpg","currentEditor":false,"homepageData":{"assessor":{"powerWords":[],"diacritics":true,"researchesTests":["contentHasTOC","contentHasShortParagraphs","contentHasAssets","keywordInTitle","keywordInMetaDescription","keywordInPermalink","keywordIn10Percent","keywordInContent","keywordInSubheadings","keywordInImageAlt","keywordDensity","keywordNotUsed","lengthContent","lengthPermalink","linksHasInternal","linksHasExternals","linksNotAllExternals","titleStartWithKeyword","titleSentiment","titleHasPowerWords","titleHasNumber","hasContentAI"],"hasBreadcrumb":true,"serpData":{"title":"%sitename% %page% %sep% %sitedesc%","description":"","titleTemplate":"%sitename% %page% %sep% %sitedesc%","descriptionTemplate":"","focusKeywords":"","breadcrumbTitle":"Home","robots":{"index":true},"advancedRobots":[],"facebookTitle":"","facebookDescription":"","facebookImage":"","facebookImageID":""}}},"tocTitle":"Table of Contents","tocExcludeHeadings":[],"listStyle":"ul"},"_links":{"self":[{"href":"https:\/\/hkkozmetik.com.tr\/ar\/wp-json\/wp\/v2\/pages\/107","targetHints":{"allow":["GET"]}}],"collection":[{"href":"https:\/\/hkkozmetik.com.tr\/ar\/wp-json\/wp\/v2\/pages"}],"about":[{"href":"https:\/\/hkkozmetik.com.tr\/ar\/wp-json\/wp\/v2\/types\/page"}],"author":[{"embeddable":true,"href":"https:\/\/hkkozmetik.com.tr\/ar\/wp-json\/wp\/v2\/users\/1"}],"replies":[{"embeddable":true,"href":"https:\/\/hkkozmetik.com.tr\/ar\/wp-json\/wp\/v2\/comments?post=107"}],"version-history":[{"count":2,"href":"https:\/\/hkkozmetik.com.tr\/ar\/wp-json\/wp\/v2\/pages\/107\/revisions"}],"predecessor-version":[{"id":622,"href":"https:\/\/hkkozmetik.com.tr\/ar\/wp-json\/wp\/v2\/pages\/107\/revisions\/622"}],"wp:attachment":[{"href":"https:\/\/hkkozmetik.com.tr\/ar\/wp-json\/wp\/v2\/media?parent=107"}],"curies":[{"name":"wp","href":"https:\/\/api.w.org\/{rel}","templated":true}]}}