{"id":133,"date":"2024-11-21T18:59:42","date_gmt":"2024-11-21T15:59:42","guid":{"rendered":"http:\/\/hkkozmetik.com.tr\/product\/slow-aging-serum\/"},"modified":"2025-04-16T14:18:40","modified_gmt":"2025-04-16T11:18:40","slug":"anti-aging-krem","status":"publish","type":"product","link":"https:\/\/hkkozmetik.com.tr\/fr\/produit\/anti-aging-krem\/","title":{"rendered":"Cr\u00e8me Anti-\u00e2ge"},"content":{"rendered":"<p>Renforcer la barri\u00e8re cutan\u00e9e, satisfaire les besoins en hydratation, pr\u00e9venir et adoucir les rides, un puissant fortifiant cellulaire qui arr\u00eate le processus de vieillissement de la peau, aide \u00e0 \u00e9claircir et adoucir.<\/p>","protected":false},"excerpt":{"rendered":"<p>Cildini enerjik ve ipeksi g\u00f6rmek isteyen ciltlere, K\u0131r\u0131\u015fmaya ba\u015flayan ve k\u0131r\u0131\u015f\u0131kl\u0131k g\u00f6r\u00fcn\u00fcm\u00fcn\u00fc azaltmak isteyen ciltlere, Yo\u011fun nem ihtiyac\u0131 duyan ciltlere, Dolgun, taze, \u0131\u015f\u0131lt\u0131l\u0131 g\u00f6r\u00fcn\u00fcm isteyen ciltlere, Y\u00fcz hatlar\u0131n\u0131 daha keskin ve belirgin olmas\u0131n\u0131<\/p>","protected":false},"featured_media":396,"comment_status":"open","ping_status":"closed","template":"","meta":{"_acf_changed":false},"product_cat":[26],"product_tag":[32],"class_list":{"0":"post-133","1":"product","2":"type-product","3":"status-publish","4":"has-post-thumbnail","6":"product_cat-skincare","7":"product_tag-krem","8":"pa_marka-44","9":"pa_marka-cosmetics","10":"pa_marka-grace","11":"pa_marka-og","12":"pa_marka-original","14":"first","15":"instock","16":"shipping-taxable","17":"purchasable","18":"product-type-simple","swatches":"rey-swatches","show_selected":"","stretch_labels":"rey-swatches--stretch-labels"},"acf":[],"_links":{"self":[{"href":"https:\/\/hkkozmetik.com.tr\/fr\/wp-json\/wp\/v2\/product\/133","targetHints":{"allow":["GET"]}}],"collection":[{"href":"https:\/\/hkkozmetik.com.tr\/fr\/wp-json\/wp\/v2\/product"}],"about":[{"href":"https:\/\/hkkozmetik.com.tr\/fr\/wp-json\/wp\/v2\/types\/product"}],"replies":[{"embeddable":true,"href":"https:\/\/hkkozmetik.com.tr\/fr\/wp-json\/wp\/v2\/comments?post=133"}],"wp:featuredmedia":[{"embeddable":true,"href":"https:\/\/hkkozmetik.com.tr\/fr\/wp-json\/wp\/v2\/media\/396"}],"wp:attachment":[{"href":"https:\/\/hkkozmetik.com.tr\/fr\/wp-json\/wp\/v2\/media?parent=133"}],"wp:term":[{"taxonomy":"product_cat","embeddable":true,"href":"https:\/\/hkkozmetik.com.tr\/fr\/wp-json\/wp\/v2\/product_cat?post=133"},{"taxonomy":"product_tag","embeddable":true,"href":"https:\/\/hkkozmetik.com.tr\/fr\/wp-json\/wp\/v2\/product_tag?post=133"}],"curies":[{"name":"wp","href":"https:\/\/api.w.org\/{rel}","templated":true}]}}