{"id":490,"date":"2024-11-26T15:50:46","date_gmt":"2024-11-26T12:50:46","guid":{"rendered":"https:\/\/hkkozmetik.com.tr\/?post_type=product&#038;p=490"},"modified":"2025-04-12T13:28:39","modified_gmt":"2025-04-12T10:28:39","slug":"aydinlatici-krem","status":"publish","type":"product","link":"https:\/\/hkkozmetik.com.tr\/fr\/produit\/aydinlatici-krem\/","title":{"rendered":"Cr\u00e8me \u00c9claircissante"},"content":{"rendered":"<p>Aide \u00e0 r\u00e9duire les taches cutan\u00e9es et \u00e0 pr\u00e9venir leur formation, \u00e0 obtenir un \u00e9clat plus lumineux, \u00e0 hydrater en profondeur, et \u00e0 favoriser la formation de nouvelles cellules de la peau.<\/p>","protected":false},"excerpt":{"rendered":"<p>Aide les peaux qui souhaitent \u00e9liminer d\u00e9licatement les cellules mortes, uniformiser le teint, avoir une peau \u00e9clatante et lumineuse, ainsi que pr\u00e9venir et r\u00e9duire la formation de taches.<\/p>","protected":false},"featured_media":491,"comment_status":"open","ping_status":"closed","template":"","meta":{"_acf_changed":false},"product_cat":[26],"product_tag":[32],"class_list":{"0":"post-490","1":"product","2":"type-product","3":"status-publish","4":"has-post-thumbnail","6":"product_cat-skincare","7":"product_tag-krem","8":"pa_marka-44","9":"pa_marka-cosmetics","10":"pa_marka-grace","11":"pa_marka-og","12":"pa_marka-original","14":"first","15":"instock","16":"shipping-taxable","17":"purchasable","18":"product-type-simple","swatches":"rey-swatches","show_selected":"","stretch_labels":"rey-swatches--stretch-labels"},"acf":[],"_links":{"self":[{"href":"https:\/\/hkkozmetik.com.tr\/fr\/wp-json\/wp\/v2\/product\/490","targetHints":{"allow":["GET"]}}],"collection":[{"href":"https:\/\/hkkozmetik.com.tr\/fr\/wp-json\/wp\/v2\/product"}],"about":[{"href":"https:\/\/hkkozmetik.com.tr\/fr\/wp-json\/wp\/v2\/types\/product"}],"replies":[{"embeddable":true,"href":"https:\/\/hkkozmetik.com.tr\/fr\/wp-json\/wp\/v2\/comments?post=490"}],"wp:featuredmedia":[{"embeddable":true,"href":"https:\/\/hkkozmetik.com.tr\/fr\/wp-json\/wp\/v2\/media\/491"}],"wp:attachment":[{"href":"https:\/\/hkkozmetik.com.tr\/fr\/wp-json\/wp\/v2\/media?parent=490"}],"wp:term":[{"taxonomy":"product_cat","embeddable":true,"href":"https:\/\/hkkozmetik.com.tr\/fr\/wp-json\/wp\/v2\/product_cat?post=490"},{"taxonomy":"product_tag","embeddable":true,"href":"https:\/\/hkkozmetik.com.tr\/fr\/wp-json\/wp\/v2\/product_tag?post=490"}],"curies":[{"name":"wp","href":"https:\/\/api.w.org\/{rel}","templated":true}]}}