{"id":495,"date":"2024-11-26T16:45:49","date_gmt":"2024-11-26T13:45:49","guid":{"rendered":"https:\/\/hkkozmetik.com.tr\/?post_type=product&#038;p=495"},"modified":"2025-04-11T14:33:14","modified_gmt":"2025-04-11T11:33:14","slug":"nem-kremi","status":"publish","type":"product","link":"https:\/\/hkkozmetik.com.tr\/fr\/produit\/nem-kremi\/","title":{"rendered":"Cr\u00e8me hydratante"},"content":{"rendered":"<p>Hydrate en profondeur les couches de la peau, aide \u00e0 pr\u00e9venir les signes de vieillissement caus\u00e9s par la d\u00e9shydratation, lisse la peau, augmente la capacit\u00e9 de r\u00e9tention d\u2019humidit\u00e9 et aide \u00e0 la gu\u00e9rison des irritations et des plaies.<\/p>","protected":false},"excerpt":{"rendered":"<p>Pour les peaux ayant besoin d\u2019une hydratation intense, pour celles qui souhaitent augmenter l\u2019\u00e9lasticit\u00e9 de la peau, pour celles qui veulent une peau plus \u00e9clatante, douce et lumineuse, pour les peaux souhaitant se prot\u00e9ger des facteurs externes, pour celles qui veulent retenir l\u2019hydratation dans leur peau.<\/p>","protected":false},"featured_media":496,"comment_status":"open","ping_status":"closed","template":"","meta":{"_acf_changed":false},"product_cat":[26],"product_tag":[32],"class_list":{"0":"post-495","1":"product","2":"type-product","3":"status-publish","4":"has-post-thumbnail","6":"product_cat-skincare","7":"product_tag-krem","8":"pa_marka-44","9":"pa_marka-cosmetics","10":"pa_marka-grace","11":"pa_marka-og","12":"pa_marka-original","14":"first","15":"instock","16":"shipping-taxable","17":"purchasable","18":"product-type-simple","swatches":"rey-swatches","show_selected":"","stretch_labels":"rey-swatches--stretch-labels"},"acf":[],"_links":{"self":[{"href":"https:\/\/hkkozmetik.com.tr\/fr\/wp-json\/wp\/v2\/product\/495","targetHints":{"allow":["GET"]}}],"collection":[{"href":"https:\/\/hkkozmetik.com.tr\/fr\/wp-json\/wp\/v2\/product"}],"about":[{"href":"https:\/\/hkkozmetik.com.tr\/fr\/wp-json\/wp\/v2\/types\/product"}],"replies":[{"embeddable":true,"href":"https:\/\/hkkozmetik.com.tr\/fr\/wp-json\/wp\/v2\/comments?post=495"}],"wp:featuredmedia":[{"embeddable":true,"href":"https:\/\/hkkozmetik.com.tr\/fr\/wp-json\/wp\/v2\/media\/496"}],"wp:attachment":[{"href":"https:\/\/hkkozmetik.com.tr\/fr\/wp-json\/wp\/v2\/media?parent=495"}],"wp:term":[{"taxonomy":"product_cat","embeddable":true,"href":"https:\/\/hkkozmetik.com.tr\/fr\/wp-json\/wp\/v2\/product_cat?post=495"},{"taxonomy":"product_tag","embeddable":true,"href":"https:\/\/hkkozmetik.com.tr\/fr\/wp-json\/wp\/v2\/product_tag?post=495"}],"curies":[{"name":"wp","href":"https:\/\/api.w.org\/{rel}","templated":true}]}}