{"id":500,"date":"2024-11-27T09:04:22","date_gmt":"2024-11-27T06:04:22","guid":{"rendered":"https:\/\/hkkozmetik.com.tr\/?post_type=product&#038;p=500"},"modified":"2025-10-04T10:18:10","modified_gmt":"2025-10-04T07:18:10","slug":"goz-alti-bakim-kremi","status":"publish","type":"product","link":"https:\/\/hkkozmetik.com.tr\/fr\/produit\/goz-alti-bakim-kremi\/","title":{"rendered":"Cr\u00e8me Contour des Yeux"},"content":{"rendered":"<p>Aide \u00e0 maintenir l\u2019hydratation autour des yeux tout au long de la journ\u00e9e, \u00e0 r\u00e9duire les cernes sous les yeux, \u00e0 diminuer les poches sous les yeux et \u00e0 att\u00e9nuer les rides autour des yeux.<\/p>","protected":false},"excerpt":{"rendered":"<p>Aide \u00e0 ceux qui souhaitent \u00e9liminer l\u2019apparence des poches, \u00e0 ceux qui veulent un teint lumineux et rebondi, \u00e0 ceux qui veulent r\u00e9duire l\u2019apparence des rides, et \u00e0 ceux qui souhaitent pr\u00e9venir la s\u00e9cheresse autour des yeux.<\/p>","protected":false},"featured_media":506,"comment_status":"open","ping_status":"closed","template":"","meta":{"_acf_changed":false},"product_cat":[26],"product_tag":[33],"class_list":{"0":"post-500","1":"product","2":"type-product","3":"status-publish","4":"has-post-thumbnail","6":"product_cat-skincare","7":"product_tag-goz-alti-bakim-kremi","8":"pa_marka-44","9":"pa_marka-cosmetics","10":"pa_marka-grace","11":"pa_marka-og","12":"pa_marka-original","14":"first","15":"instock","16":"shipping-taxable","17":"purchasable","18":"product-type-simple","swatches":"rey-swatches","show_selected":"","stretch_labels":"rey-swatches--stretch-labels"},"acf":[],"_links":{"self":[{"href":"https:\/\/hkkozmetik.com.tr\/fr\/wp-json\/wp\/v2\/product\/500","targetHints":{"allow":["GET"]}}],"collection":[{"href":"https:\/\/hkkozmetik.com.tr\/fr\/wp-json\/wp\/v2\/product"}],"about":[{"href":"https:\/\/hkkozmetik.com.tr\/fr\/wp-json\/wp\/v2\/types\/product"}],"replies":[{"embeddable":true,"href":"https:\/\/hkkozmetik.com.tr\/fr\/wp-json\/wp\/v2\/comments?post=500"}],"wp:featuredmedia":[{"embeddable":true,"href":"https:\/\/hkkozmetik.com.tr\/fr\/wp-json\/wp\/v2\/media\/506"}],"wp:attachment":[{"href":"https:\/\/hkkozmetik.com.tr\/fr\/wp-json\/wp\/v2\/media?parent=500"}],"wp:term":[{"taxonomy":"product_cat","embeddable":true,"href":"https:\/\/hkkozmetik.com.tr\/fr\/wp-json\/wp\/v2\/product_cat?post=500"},{"taxonomy":"product_tag","embeddable":true,"href":"https:\/\/hkkozmetik.com.tr\/fr\/wp-json\/wp\/v2\/product_tag?post=500"}],"curies":[{"name":"wp","href":"https:\/\/api.w.org\/{rel}","templated":true}]}}