{"id":510,"date":"2024-11-27T11:03:28","date_gmt":"2024-11-27T08:03:28","guid":{"rendered":"https:\/\/hkkozmetik.com.tr\/?post_type=product&#038;p=510"},"modified":"2025-04-16T14:18:42","modified_gmt":"2025-04-16T11:18:42","slug":"kolajen-serumu","status":"publish","type":"product","link":"https:\/\/hkkozmetik.com.tr\/fr\/produit\/kolajen-serumu\/","title":{"rendered":"S\u00e9rum au Collag\u00e8ne"},"content":{"rendered":"<p>Aide \u00e0 am\u00e9liorer la texture de la peau, \u00e0 para\u00eetre plus \u00e9clatant et jeune, \u00e0 raffermir la peau, \u00e0 augmenter l\u2019hydratation et \u00e0 contribuer \u00e0 la r\u00e9g\u00e9n\u00e9ration saine des cellules.<\/p>","protected":false},"excerpt":{"rendered":"<p>Aide les peaux ayant besoin de collag\u00e8ne, celles d\u00e9sirant retrouver de l\u2019\u00e9lasticit\u00e9, celles souhaitant pr\u00e9venir les signes de rides, les peaux voulant un aspect lisse, et celles d\u00e9sirant une peau plus \u00e9clatante et lumineuse.<\/p>","protected":false},"featured_media":511,"comment_status":"open","ping_status":"closed","template":"","meta":{"_acf_changed":false},"product_cat":[26],"product_tag":[31],"class_list":{"0":"post-510","1":"product","2":"type-product","3":"status-publish","4":"has-post-thumbnail","6":"product_cat-skincare","7":"product_tag-serum","8":"pa_marka-44","9":"pa_marka-cosmetics","10":"pa_marka-grace","11":"pa_marka-og","12":"pa_marka-original","14":"first","15":"instock","16":"shipping-taxable","17":"purchasable","18":"product-type-simple","swatches":"rey-swatches","show_selected":"","stretch_labels":"rey-swatches--stretch-labels"},"acf":[],"_links":{"self":[{"href":"https:\/\/hkkozmetik.com.tr\/fr\/wp-json\/wp\/v2\/product\/510","targetHints":{"allow":["GET"]}}],"collection":[{"href":"https:\/\/hkkozmetik.com.tr\/fr\/wp-json\/wp\/v2\/product"}],"about":[{"href":"https:\/\/hkkozmetik.com.tr\/fr\/wp-json\/wp\/v2\/types\/product"}],"replies":[{"embeddable":true,"href":"https:\/\/hkkozmetik.com.tr\/fr\/wp-json\/wp\/v2\/comments?post=510"}],"wp:featuredmedia":[{"embeddable":true,"href":"https:\/\/hkkozmetik.com.tr\/fr\/wp-json\/wp\/v2\/media\/511"}],"wp:attachment":[{"href":"https:\/\/hkkozmetik.com.tr\/fr\/wp-json\/wp\/v2\/media?parent=510"}],"wp:term":[{"taxonomy":"product_cat","embeddable":true,"href":"https:\/\/hkkozmetik.com.tr\/fr\/wp-json\/wp\/v2\/product_cat?post=510"},{"taxonomy":"product_tag","embeddable":true,"href":"https:\/\/hkkozmetik.com.tr\/fr\/wp-json\/wp\/v2\/product_tag?post=510"}],"curies":[{"name":"wp","href":"https:\/\/api.w.org\/{rel}","templated":true}]}}