{"id":538,"date":"2024-11-27T13:52:11","date_gmt":"2024-11-27T10:52:11","guid":{"rendered":"https:\/\/hkkozmetik.com.tr\/?post_type=product&#038;p=538"},"modified":"2025-04-11T14:33:16","modified_gmt":"2025-04-11T11:33:16","slug":"kuru-yag","status":"publish","type":"product","link":"https:\/\/hkkozmetik.com.tr\/fr\/produit\/kuru-yag\/","title":{"rendered":"Huile s\u00e8che"},"content":{"rendered":"<p>Contribuent \u00e0 restaurer l\u2019\u00e9clat et la luminosit\u00e9 de la peau, \u00e0 hydrater sans laisser de sensation grasse, \u00e0 revitaliser la structure de l\u2019\u00e9piderme sec, \u00e0 nourrir la peau avec des huiles naturelles, et \u00e0 soutenir la production de collag\u00e8ne dans la peau.<\/p>","protected":false},"excerpt":{"rendered":"<p>Aide les peaux ayant besoin d\u2019hydratation, celles qui souhaitent para\u00eetre plus fermes et jeunes, celles qui veulent apaiser et prot\u00e9ger leur peau apr\u00e8s le soleil, et celles qui souhaitent prot\u00e9ger leur barri\u00e8re cutan\u00e9e.<\/p>","protected":false},"featured_media":539,"comment_status":"open","ping_status":"closed","template":"","meta":{"_acf_changed":false},"product_cat":[26,23],"product_tag":[34],"class_list":{"0":"post-538","1":"product","2":"type-product","3":"status-publish","4":"has-post-thumbnail","6":"product_cat-skincare","7":"product_cat-body-oils","8":"product_tag-yag","9":"pa_marka-44","10":"pa_marka-cosmetics","11":"pa_marka-grace","12":"pa_marka-og","13":"pa_marka-original","15":"first","16":"instock","17":"shipping-taxable","18":"purchasable","19":"product-type-simple","swatches":"rey-swatches","show_selected":"","stretch_labels":"rey-swatches--stretch-labels"},"acf":[],"_links":{"self":[{"href":"https:\/\/hkkozmetik.com.tr\/fr\/wp-json\/wp\/v2\/product\/538","targetHints":{"allow":["GET"]}}],"collection":[{"href":"https:\/\/hkkozmetik.com.tr\/fr\/wp-json\/wp\/v2\/product"}],"about":[{"href":"https:\/\/hkkozmetik.com.tr\/fr\/wp-json\/wp\/v2\/types\/product"}],"replies":[{"embeddable":true,"href":"https:\/\/hkkozmetik.com.tr\/fr\/wp-json\/wp\/v2\/comments?post=538"}],"wp:featuredmedia":[{"embeddable":true,"href":"https:\/\/hkkozmetik.com.tr\/fr\/wp-json\/wp\/v2\/media\/539"}],"wp:attachment":[{"href":"https:\/\/hkkozmetik.com.tr\/fr\/wp-json\/wp\/v2\/media?parent=538"}],"wp:term":[{"taxonomy":"product_cat","embeddable":true,"href":"https:\/\/hkkozmetik.com.tr\/fr\/wp-json\/wp\/v2\/product_cat?post=538"},{"taxonomy":"product_tag","embeddable":true,"href":"https:\/\/hkkozmetik.com.tr\/fr\/wp-json\/wp\/v2\/product_tag?post=538"}],"curies":[{"name":"wp","href":"https:\/\/api.w.org\/{rel}","templated":true}]}}